{"id":99,"date":"2025-02-07T17:33:00","date_gmt":"2025-02-07T16:33:00","guid":{"rendered":"http:\/\/moulinamour.com\/?page_id=99"},"modified":"2025-02-07T18:15:27","modified_gmt":"2025-02-07T17:15:27","slug":"autres-possibilites-a-demande","status":"publish","type":"page","link":"https:\/\/moulinamour.com\/?page_id=99","title":{"rendered":"Autres activit\u00e9s \u00e0 la demande"},"content":{"rendered":"<h2>Le site du moulin Amour a d\u00e9j\u00e0 \u00e9t\u00e9 appr\u00e9ci\u00e9 par :<\/h2>\n<p><img decoding=\"async\" loading=\"lazy\" class=\"wp-image-313 alignleft\" src=\"http:\/\/moulinamour.com\/wp-content\/uploads\/2016\/11\/CN0A0027-150x150.jpg\" alt=\"\" width=\"100\" height=\"100\" \/><\/p>\n<p style=\"text-align: left;\">&#8211; des peintres\u00a0 et des photographes\u00a0<img decoding=\"async\" loading=\"lazy\" class=\"wp-image-574 alignleft\" src=\"http:\/\/moulinamour.com\/wp-content\/uploads\/2016\/11\/CN0A0292-e1480088856470-150x150.jpg\" alt=\"\" width=\"104\" height=\"104\" \/><\/p>\n<p>des clubs de camping cars<\/p>\n<p>des collectionneurs \u00a0de \u00a0voitures anciennes<\/p>\n<p>des clubs de motards<\/p>\n<p>des groupes de randonneurs (un sentier de randonn\u00e9e longe le site du moulin)<\/p>\n<p>des<strong> amoureux de vieux tracteurs\u00a0 \u00a0<\/strong><\/p>\n<p><strong>Association l&rsquo;Epi : 23 et 24 juin 2018<\/strong><\/p>\n<h3><span style=\"color: #008000;\">N&rsquo;h\u00e9sitez pas \u00e0 nous contacter, nous \u00e9tudierons avec vous votre projet<\/span><\/h3>\n<p>contact@moulinamour.com<\/p>\n","protected":false},"excerpt":{"rendered":"<p>Le site du moulin Amour a d\u00e9j\u00e0 \u00e9t\u00e9 appr\u00e9ci\u00e9 par : &#8211; des peintres\u00a0 et des photographes\u00a0 des clubs de camping cars des collectionneurs \u00a0de \u00a0voitures anciennes des clubs de motards des groupes de randonneurs (un sentier de randonn\u00e9e longe le site du moulin) des amoureux de vieux tracteurs\u00a0 \u00a0 Association l&rsquo;Epi : 23 et 24 juin 2018 N&rsquo;h\u00e9sitez pas \u00e0 nous contacter, nous \u00e9tudierons avec vous votre projet contact@moulinamour.com<\/p>\n","protected":false},"author":1,"featured_media":0,"parent":91,"menu_order":4,"comment_status":"closed","ping_status":"closed","template":"","meta":{"_mi_skip_tracking":false},"_links":{"self":[{"href":"https:\/\/moulinamour.com\/index.php?rest_route=\/wp\/v2\/pages\/99"}],"collection":[{"href":"https:\/\/moulinamour.com\/index.php?rest_route=\/wp\/v2\/pages"}],"about":[{"href":"https:\/\/moulinamour.com\/index.php?rest_route=\/wp\/v2\/types\/page"}],"author":[{"embeddable":true,"href":"https:\/\/moulinamour.com\/index.php?rest_route=\/wp\/v2\/users\/1"}],"replies":[{"embeddable":true,"href":"https:\/\/moulinamour.com\/index.php?rest_route=%2Fwp%2Fv2%2Fcomments&post=99"}],"version-history":[{"count":19,"href":"https:\/\/moulinamour.com\/index.php?rest_route=\/wp\/v2\/pages\/99\/revisions"}],"predecessor-version":[{"id":4232,"href":"https:\/\/moulinamour.com\/index.php?rest_route=\/wp\/v2\/pages\/99\/revisions\/4232"}],"up":[{"embeddable":true,"href":"https:\/\/moulinamour.com\/index.php?rest_route=\/wp\/v2\/pages\/91"}],"wp:attachment":[{"href":"https:\/\/moulinamour.com\/index.php?rest_route=%2Fwp%2Fv2%2Fmedia&parent=99"}],"curies":[{"name":"wp","href":"https:\/\/api.w.org\/{rel}","templated":true}]}}