{"id":91,"date":"2016-11-10T16:00:13","date_gmt":"2016-11-10T15:00:13","guid":{"rendered":"http:\/\/moulinamour.com\/?page_id=91"},"modified":"2024-03-14T17:59:53","modified_gmt":"2024-03-14T16:59:53","slug":"autres-prestations","status":"publish","type":"page","link":"https:\/\/moulinamour.com\/?page_id=91","title":{"rendered":"Autres prestations"},"content":{"rendered":"<h2 style=\"text-align: center;\"><span style=\"color: #0000ff;\">Pour votre mariage <\/span><\/h2>\n<h2 style=\"text-align: center;\"><span style=\"color: #0000ff;\">(vin d&rsquo;honneur, c\u00e9r\u00e9monie la\u00efque, photos)<\/span><\/h2>\n<p style=\"text-align: center;\">Le site n&rsquo;est pas ouvert apr\u00e8s le coucher du soleil (+ 1h) par mesure de s\u00e9curit\u00e9<\/p>\n<h1 style=\"text-align: center;\"><span style=\"color: #0000ff;\"><em><strong>contactez nous<\/strong><\/em>:<\/span><\/h1>\n<h3 style=\"text-align: center;\">02 32 36 95 63 ou par\u00a0 mail (conseill\u00e9) :contact@moulinamour.com<\/h3>\n<p><a href=\"http:\/\/moulinamour.com\/?page_id=95\">Anniversaires<\/a><\/p>\n<p><a href=\"http:\/\/moulinamour.com\/?page_id=97\">Les expositions de l&rsquo;AVPN<\/a><\/p>\n<p><a href=\"http:\/\/moulinamour.com\/?page_id=99\">Autres possibilit\u00e9s \u00e0 la demande<\/a><\/p>\n","protected":false},"excerpt":{"rendered":"<p>Pour votre mariage (vin d&rsquo;honneur, c\u00e9r\u00e9monie la\u00efque, photos) Le site n&rsquo;est pas ouvert apr\u00e8s le coucher du soleil (+ 1h) par mesure de s\u00e9curit\u00e9 contactez nous: 02 32 36 95 63 ou par\u00a0 mail (conseill\u00e9) :contact@moulinamour.com Anniversaires Les expositions de l&rsquo;AVPN Autres possibilit\u00e9s \u00e0 la demande<\/p>\n","protected":false},"author":1,"featured_media":0,"parent":53,"menu_order":3,"comment_status":"closed","ping_status":"closed","template":"","meta":{"_mi_skip_tracking":false},"_links":{"self":[{"href":"https:\/\/moulinamour.com\/index.php?rest_route=\/wp\/v2\/pages\/91"}],"collection":[{"href":"https:\/\/moulinamour.com\/index.php?rest_route=\/wp\/v2\/pages"}],"about":[{"href":"https:\/\/moulinamour.com\/index.php?rest_route=\/wp\/v2\/types\/page"}],"author":[{"embeddable":true,"href":"https:\/\/moulinamour.com\/index.php?rest_route=\/wp\/v2\/users\/1"}],"replies":[{"embeddable":true,"href":"https:\/\/moulinamour.com\/index.php?rest_route=%2Fwp%2Fv2%2Fcomments&post=91"}],"version-history":[{"count":16,"href":"https:\/\/moulinamour.com\/index.php?rest_route=\/wp\/v2\/pages\/91\/revisions"}],"predecessor-version":[{"id":3900,"href":"https:\/\/moulinamour.com\/index.php?rest_route=\/wp\/v2\/pages\/91\/revisions\/3900"}],"up":[{"embeddable":true,"href":"https:\/\/moulinamour.com\/index.php?rest_route=\/wp\/v2\/pages\/53"}],"wp:attachment":[{"href":"https:\/\/moulinamour.com\/index.php?rest_route=%2Fwp%2Fv2%2Fmedia&parent=91"}],"curies":[{"name":"wp","href":"https:\/\/api.w.org\/{rel}","templated":true}]}}