{"id":905,"date":"2020-08-17T15:00:00","date_gmt":"2020-08-17T13:00:00","guid":{"rendered":"http:\/\/moulinamour.com\/?page_id=905"},"modified":"2020-11-22T19:36:25","modified_gmt":"2020-11-22T18:36:25","slug":"contact","status":"publish","type":"page","link":"https:\/\/moulinamour.com\/?page_id=905","title":{"rendered":"Contact"},"content":{"rendered":"<div class=\"row\">\n<div class=\"col-sm-6\" style=\"text-align: left;\">\n<form class=\"wpcf7-form\" action=\"\/wp-admin\/admin-ajax.php?_panelsnonce=da63c235f2#wpcf7-f904-o1\" method=\"post\" novalidate=\"novalidate\">\n<h3 style=\"text-align: center;\"><strong>Pour nous joindre <span style=\"color: #ff9900;\"><em>utilisez votre messagerie personnelle<\/em><\/span> et envoyez nous un mail, nous nous engageons \u00e0 vous r\u00e9pondre sous 48h.<\/strong><\/h3>\n<h3 style=\"text-align: center;\"><span style=\"color: #ff0000;\">notre adresse mail : contact@moulinamour.com<\/span><\/h3>\n<h2 style=\"text-align: center;\"><span style=\"color: #ff0000;\">Pour nous contacter privil\u00e9giez les mails.\u00a0<\/span><\/h2>\n<p style=\"text-align: center;\">Nous sommes install\u00e9s \u00e0 St Amand des Hautes Terres (commune d&rsquo;Amfreville- St Amand) dans l&rsquo;ancienne mairie.<\/p>\n<p>Merci pour votre compr\u00e9hension.<\/p>\n<p style=\"text-align: center;\"><strong><span style=\"color: #ff0000;\">Par un grand myst\u00e8re les mails envoy\u00e9s depuis ce site internet se perdent en route et ne nous parviennent pas.\u00a0<\/span><\/strong><\/p>\n<h2 style=\"text-align: center;\"><span style=\"color: #339966;\"><strong>UTILISEZ UNIQUEMENT VOTRE MESSAGERIE pour nous contacter.<\/strong><\/span><\/h2>\n<\/form>\n<\/div>\n<\/div>\n","protected":false},"excerpt":{"rendered":"<p>Pour nous joindre utilisez votre messagerie personnelle et envoyez nous un mail, nous nous engageons \u00e0 vous r\u00e9pondre sous 48h. notre adresse mail : contact@moulinamour.com Pour nous contacter privil\u00e9giez les mails.\u00a0 Nous sommes install\u00e9s \u00e0 St Amand des Hautes Terres (commune d&rsquo;Amfreville- St Amand) dans l&rsquo;ancienne mairie. Merci pour votre compr\u00e9hension. Par un grand myst\u00e8re les mails envoy\u00e9s depuis ce site internet se perdent en route et ne nous parviennent pas.\u00a0 UTILISEZ UNIQUEMENT VOTRE MESSAGERIE pour nous contacter.<\/p>\n","protected":false},"author":1,"featured_media":0,"parent":0,"menu_order":0,"comment_status":"closed","ping_status":"closed","template":"","meta":{"_mi_skip_tracking":false},"_links":{"self":[{"href":"https:\/\/moulinamour.com\/index.php?rest_route=\/wp\/v2\/pages\/905"}],"collection":[{"href":"https:\/\/moulinamour.com\/index.php?rest_route=\/wp\/v2\/pages"}],"about":[{"href":"https:\/\/moulinamour.com\/index.php?rest_route=\/wp\/v2\/types\/page"}],"author":[{"embeddable":true,"href":"https:\/\/moulinamour.com\/index.php?rest_route=\/wp\/v2\/users\/1"}],"replies":[{"embeddable":true,"href":"https:\/\/moulinamour.com\/index.php?rest_route=%2Fwp%2Fv2%2Fcomments&post=905"}],"version-history":[{"count":71,"href":"https:\/\/moulinamour.com\/index.php?rest_route=\/wp\/v2\/pages\/905\/revisions"}],"predecessor-version":[{"id":2598,"href":"https:\/\/moulinamour.com\/index.php?rest_route=\/wp\/v2\/pages\/905\/revisions\/2598"}],"wp:attachment":[{"href":"https:\/\/moulinamour.com\/index.php?rest_route=%2Fwp%2Fv2%2Fmedia&parent=905"}],"curies":[{"name":"wp","href":"https:\/\/api.w.org\/{rel}","templated":true}]}}