{"id":87,"date":"2025-02-07T17:20:00","date_gmt":"2025-02-07T16:20:00","guid":{"rendered":"http:\/\/moulinamour.com\/?page_id=87"},"modified":"2025-02-07T18:16:39","modified_gmt":"2025-02-07T17:16:39","slug":"alsh","status":"publish","type":"page","link":"https:\/\/moulinamour.com\/?page_id=87","title":{"rendered":"ALSH"},"content":{"rendered":"<h3 style=\"text-align: center;\"><span style=\"color: #ff0000;\"><strong>contact@moulinamour.com ou 02 32 36 95 63<\/strong><\/span><\/h3>\n<h2 style=\"text-align: center;\">nous accueillons les groupes pendant les vacances scolaires (zone B)<\/h2>\n<p>Vous \u00eates directeur d&rsquo;un accueil de loisirs, animateur et vous recherchez de nouvelles id\u00e9es pour vos sorties ?<\/p>\n<p>Voici 6 bonnes raisons de venir passer une journ\u00e9e au Moulin Amour avec un groupe d&rsquo;enfants :<\/p>\n<ul>\n<li>D\u00e9couvrir la vie d&rsquo;un meunier et ses gestes pour fabriquer la farine,<\/li>\n<li>Participer \u00e0 une activit\u00e9\u00a0 en lien avec notre site.<\/li>\n<li>Parcourir le sentier de d\u00e9couverte.<\/li>\n<li>Appr\u00e9cier une promenade dans le potager et le jardin d&rsquo;herbes.<\/li>\n<li>Profiter d&rsquo;une journ\u00e9e en pleine nature. Un espace vert est \u00e0 votre disposition pour pique-nique et grand jeu (rallye). Une structure couverte est accessible en cas de mauvais temps.<\/li>\n<li>Proposer une journ\u00e9e originale et ludique pour <strong>5 euros par enfan<\/strong>t.\n<ul>\n<li>visite du moulin et 1 activit\u00e9<\/li>\n<\/ul>\n<\/li>\n<li style=\"text-align: center;\"><span style=\"color: #ff0000;\"><strong>(Ce tarif ne s&rsquo;applique qu&rsquo;en dehors du temps scolaire : mercredi apr\u00e8s-midi, <\/strong><\/span><strong><span style=\"color: #ff0000;\">cong\u00e9s scolaires zone B\u00a0<\/span><\/strong><\/li>\n<\/ul>\n<p style=\"text-align: center;\"><strong><a href=\"http:\/\/www.moulinamour.com\/documents\/guide_pedagogique_alsh_2015.pdf\" target=\"_blank\" rel=\"noopener noreferrer\">Contactez-nous afin d&rsquo;\u00e9tudier ensemble le programme de votre sortie au Moulin Amour\u00a0<\/a>\u00a0<\/strong><\/p>\n<h3 style=\"text-align: center;\"><strong>(contact@moulinamour.com ou 02 32 36 95 63)<\/strong><\/h3>\n","protected":false},"excerpt":{"rendered":"<p>contact@moulinamour.com ou 02 32 36 95 63 nous accueillons les groupes pendant les vacances scolaires (zone B) Vous \u00eates directeur d&rsquo;un accueil de loisirs, animateur et vous recherchez de nouvelles id\u00e9es pour vos sorties ? Voici 6 bonnes raisons de venir passer une journ\u00e9e au Moulin Amour avec un groupe d&rsquo;enfants : D\u00e9couvrir la vie d&rsquo;un meunier et ses gestes pour fabriquer la farine, Participer \u00e0 une activit\u00e9\u00a0 en lien avec notre site. Parcourir le sentier de d\u00e9couverte. Appr\u00e9cier une&#8230;<\/p>\n<p class=\"read-more\"><a class=\"btn btn-default\" href=\"https:\/\/moulinamour.com\/?page_id=87\">Lire la suite<span class=\"screen-reader-text\"> Lire la suite<\/span><\/a><\/p>\n","protected":false},"author":1,"featured_media":0,"parent":83,"menu_order":2,"comment_status":"closed","ping_status":"closed","template":"","meta":{"_mi_skip_tracking":false},"_links":{"self":[{"href":"https:\/\/moulinamour.com\/index.php?rest_route=\/wp\/v2\/pages\/87"}],"collection":[{"href":"https:\/\/moulinamour.com\/index.php?rest_route=\/wp\/v2\/pages"}],"about":[{"href":"https:\/\/moulinamour.com\/index.php?rest_route=\/wp\/v2\/types\/page"}],"author":[{"embeddable":true,"href":"https:\/\/moulinamour.com\/index.php?rest_route=\/wp\/v2\/users\/1"}],"replies":[{"embeddable":true,"href":"https:\/\/moulinamour.com\/index.php?rest_route=%2Fwp%2Fv2%2Fcomments&post=87"}],"version-history":[{"count":22,"href":"https:\/\/moulinamour.com\/index.php?rest_route=\/wp\/v2\/pages\/87\/revisions"}],"predecessor-version":[{"id":4234,"href":"https:\/\/moulinamour.com\/index.php?rest_route=\/wp\/v2\/pages\/87\/revisions\/4234"}],"up":[{"embeddable":true,"href":"https:\/\/moulinamour.com\/index.php?rest_route=\/wp\/v2\/pages\/83"}],"wp:attachment":[{"href":"https:\/\/moulinamour.com\/index.php?rest_route=%2Fwp%2Fv2%2Fmedia&parent=87"}],"curies":[{"name":"wp","href":"https:\/\/api.w.org\/{rel}","templated":true}]}}