{"id":85,"date":"2025-02-07T17:16:00","date_gmt":"2025-02-07T16:16:00","guid":{"rendered":"http:\/\/moulinamour.com\/?page_id=85"},"modified":"2025-02-07T18:05:22","modified_gmt":"2025-02-07T17:05:22","slug":"scolaires","status":"publish","type":"page","link":"https:\/\/moulinamour.com\/?page_id=85","title":{"rendered":"Scolaires"},"content":{"rendered":"<h3 style=\"text-align: center;\"><img decoding=\"async\" loading=\"lazy\" class=\"wp-image-694 alignright\" src=\"http:\/\/moulinamour.com\/wp-content\/uploads\/2016\/11\/photo-SCOLAIRES-300x105.jpg\" alt=\"photo-scolaires\" width=\"357\" height=\"124\" srcset=\"https:\/\/moulinamour.com\/wp-content\/uploads\/2016\/11\/photo-SCOLAIRES-300x105.jpg 300w, https:\/\/moulinamour.com\/wp-content\/uploads\/2016\/11\/photo-SCOLAIRES.jpg 565w\" sizes=\"(max-width: 357px) 100vw, 357px\" \/><span style=\"color: #ff0000;\"><img decoding=\"async\" loading=\"lazy\" class=\"alignleft wp-image-1943\" src=\"http:\/\/moulinamour.com\/wp-content\/uploads\/2019\/02\/MARE-scolaires-Copier-150x113.jpg\" alt=\"\" width=\"212\" height=\"160\" srcset=\"https:\/\/moulinamour.com\/wp-content\/uploads\/2019\/02\/MARE-scolaires-Copier-150x113.jpg 150w, https:\/\/moulinamour.com\/wp-content\/uploads\/2019\/02\/MARE-scolaires-Copier-300x225.jpg 300w, https:\/\/moulinamour.com\/wp-content\/uploads\/2019\/02\/MARE-scolaires-Copier-768x576.jpg 768w, https:\/\/moulinamour.com\/wp-content\/uploads\/2019\/02\/MARE-scolaires-Copier-1024x768.jpg 1024w, https:\/\/moulinamour.com\/wp-content\/uploads\/2019\/02\/MARE-scolaires-Copier-360x270.jpg 360w, https:\/\/moulinamour.com\/wp-content\/uploads\/2019\/02\/MARE-scolaires-Copier.jpg 1440w\" sizes=\"(max-width: 212px) 100vw, 212px\" \/><\/span><\/h3>\n<h3><\/h3>\n<h3><\/h3>\n<h3><\/h3>\n<h3><\/h3>\n<h3 style=\"text-align: center;\"><span style=\"color: #ff0000;\"><strong>02 32 36 95 63\u00a0 \u00a0contact@moulinamour.com<\/strong><\/span><strong><span style=\"color: #008000;\">.<\/span><\/strong><\/h3>\n<h1 style=\"text-align: center;\">Les r\u00e9servations sont closes (toutes les dates sont prises) de mi-mars au 5 juillet 2025.<\/h1>\n<h2 style=\"text-align: center;\">LES r\u00e9servations sont ouvertes pour septembre et octobre<\/h2>\n<h3 style=\"text-align: center;\">20% de r\u00e9duction en septembre et en octobre pour la journ\u00e9e<\/h3>\n<h3 style=\"text-align: center;\"><strong><span style=\"color: #0000ff;\">Adressez nous un mail et en retour nous vous enverrons<a href=\"https:\/\/moulinamour.com\/wp-content\/uploads\/2023\/11\/Guide-pedagogique-2024-Scolaires-envoi-mail.pdf\" target=\"_blank\" rel=\"noopener\"> le guide p\u00e9dagogique scolaires\u00a0<\/a> et le bulletin de r\u00e9servation ou cliquez en bas de page.<\/span><\/strong><\/h3>\n<p style=\"text-align: center;\"><strong>3 th\u00e8mes possibles :<\/strong><br \/>\n\u00ab La nature en h\u00e9ritage \u00bb<br \/>\n\u00ab L&rsquo;eau, source de vie et d&rsquo;\u00e9nergie \u00bb<br \/>\n\u00ab Du bl\u00e9 au go\u00fbter ! \u00bb<\/p>\n<p style=\"text-align: center;\"><strong>Pour vous garantir une qualit\u00e9 d&rsquo;accueil optimale nous ne recevons qu&rsquo;une seule \u00e9cole \u00e0 la fois et nous limitons l&rsquo;effectif \u00e9l\u00e8ves\u00a0 \u00e0 60.<\/strong><\/p>\n<p>Ces activit\u00e9s sont adapt\u00e9es pour les cycles 1, 2 et 3 et le coll\u00e8ge.<\/p>\n<p>Les activit\u00e9s s&rsquo;appuient sur :<br \/>\nLes sp\u00e9cificit\u00e9s du site : le m\u00e9canisme de la roue entra\u00een\u00e9e par un petit filet d&rsquo;eau, le syst\u00e8me des engrenages, la transformation de la graine en farine&#8230;<br \/>\nLa zone naturelle (Espace Naturel Sensible) dans laquelle il est situ\u00e9 : rivi\u00e8re, mare, potager, sentier d\u00e9couverte,&#8230;<\/p>\n<p>Notre \u00e9quipe se tient \u00e0 votre disposition pour adapter les contenus \u00e0 vos besoins et au niveau des \u00e9l\u00e8ves, ainsi que de pr\u00e9parer la journ\u00e9e en amont de votre venue.<\/p>\n<p><strong>Tarifs : (tarifs r\u00e9duits en septembre et octobre : &#8211; 20%)<\/strong><\/p>\n<p>Journ\u00e9e compl\u00e8te (capacit\u00e9 d&rsquo;accueil : 50 \u00e9l\u00e8ves) 10\u20ac par personne..<br \/>\nDemi-journ\u00e9e (capacit\u00e9 d&rsquo;accueil : 30 \u00e9l\u00e8ves) 7\u20ac par personne.<br \/>\nVisite seule du moulin avec d\u00e9monstrations (1h30 environ) 5\u20ac par personne.<br \/>\nGratuit pour les accompagnateurs.<\/p>\n<p>R\u00e9servation : Toute visite doit \u00eatre confirm\u00e9e par \u00e9crit avec un ch\u00e8que de caution de 100 \u20ac<br \/>\nFacturation : R\u00e8glement par ch\u00e8que \u00e0 l&rsquo;ordre de l&rsquo;A.V.P.N ou par mandat administratif.<br \/>\nClause d&rsquo;annulation : Si l&rsquo;\u00e9tablissement scolaire est dans l&rsquo;impossibilit\u00e9 de verser la caution (paiement administratif), l&rsquo;A.V.P.N. facturera les frais de d\u00e9sistement \u00e0 la hauteur de la caution.<\/p>\n<h1 style=\"text-align: center;\"><a href=\"https:\/\/moulinamour.com\/wp-content\/uploads\/2023\/11\/Guide-pedagogique-2024-Scolaires-envoi-mail.pdf\" target=\"_blank\" rel=\"noopener\"><span style=\"color: #ff0000;\"><strong>guide p\u00e9dagogique\u00a0 <span style=\"color: #ff0000;\">2024 et 2025<\/span><\/strong><\/span><\/a><\/h1>\n","protected":false},"excerpt":{"rendered":"<p>02 32 36 95 63\u00a0 \u00a0contact@moulinamour.com. Les r\u00e9servations sont closes (toutes les dates sont prises) de mi-mars au 5 juillet 2025. LES r\u00e9servations sont ouvertes pour septembre et octobre 20% de r\u00e9duction en septembre et en octobre pour la journ\u00e9e Adressez nous un mail et en retour nous vous enverrons le guide p\u00e9dagogique scolaires\u00a0 et le bulletin de r\u00e9servation ou cliquez en bas de page. 3 th\u00e8mes possibles : \u00ab La nature en h\u00e9ritage \u00bb \u00ab L&rsquo;eau, source de vie&#8230;<\/p>\n<p class=\"read-more\"><a class=\"btn btn-default\" href=\"https:\/\/moulinamour.com\/?page_id=85\">Lire la suite<span class=\"screen-reader-text\"> Lire la suite<\/span><\/a><\/p>\n","protected":false},"author":1,"featured_media":0,"parent":83,"menu_order":1,"comment_status":"closed","ping_status":"closed","template":"","meta":{"_mi_skip_tracking":false},"_links":{"self":[{"href":"https:\/\/moulinamour.com\/index.php?rest_route=\/wp\/v2\/pages\/85"}],"collection":[{"href":"https:\/\/moulinamour.com\/index.php?rest_route=\/wp\/v2\/pages"}],"about":[{"href":"https:\/\/moulinamour.com\/index.php?rest_route=\/wp\/v2\/types\/page"}],"author":[{"embeddable":true,"href":"https:\/\/moulinamour.com\/index.php?rest_route=\/wp\/v2\/users\/1"}],"replies":[{"embeddable":true,"href":"https:\/\/moulinamour.com\/index.php?rest_route=%2Fwp%2Fv2%2Fcomments&post=85"}],"version-history":[{"count":43,"href":"https:\/\/moulinamour.com\/index.php?rest_route=\/wp\/v2\/pages\/85\/revisions"}],"predecessor-version":[{"id":4228,"href":"https:\/\/moulinamour.com\/index.php?rest_route=\/wp\/v2\/pages\/85\/revisions\/4228"}],"up":[{"embeddable":true,"href":"https:\/\/moulinamour.com\/index.php?rest_route=\/wp\/v2\/pages\/83"}],"wp:attachment":[{"href":"https:\/\/moulinamour.com\/index.php?rest_route=%2Fwp%2Fv2%2Fmedia&parent=85"}],"curies":[{"name":"wp","href":"https:\/\/api.w.org\/{rel}","templated":true}]}}