{"id":73,"date":"2025-02-07T15:51:00","date_gmt":"2025-02-07T14:51:00","guid":{"rendered":"http:\/\/moulinamour.com\/?page_id=73"},"modified":"2025-02-07T17:16:04","modified_gmt":"2025-02-07T16:16:04","slug":"le-potager-conservatoire","status":"publish","type":"page","link":"https:\/\/moulinamour.com\/?page_id=73","title":{"rendered":"Le potager"},"content":{"rendered":"<h3><span style=\"color: #008000;\">Diff\u00e9rents types de culture sont pr\u00e9sent\u00e9s :\u00a0<\/span><\/h3>\n<figure id=\"attachment_1947\" aria-describedby=\"caption-attachment-1947\" style=\"width: 439px\" class=\"wp-caption aligncenter\"><img decoding=\"async\" loading=\"lazy\" class=\" wp-image-1947\" src=\"http:\/\/moulinamour.com\/wp-content\/uploads\/2019\/02\/le-potager-Copier-150x113.jpg\" alt=\"\" width=\"439\" height=\"331\" srcset=\"https:\/\/moulinamour.com\/wp-content\/uploads\/2019\/02\/le-potager-Copier-150x113.jpg 150w, https:\/\/moulinamour.com\/wp-content\/uploads\/2019\/02\/le-potager-Copier-300x225.jpg 300w, https:\/\/moulinamour.com\/wp-content\/uploads\/2019\/02\/le-potager-Copier-360x270.jpg 360w\" sizes=\"(max-width: 439px) 100vw, 439px\" \/><figcaption id=\"caption-attachment-1947\" class=\"wp-caption-text\"><span style=\"font-size: 16px;\">&#8211; en bacs : L&rsquo;ann\u00e9e 2024 a \u00e9t\u00e9 catastrophique pour notre potager en raison de la m\u00e9t\u00e9o notamment. Les travaux pr\u00e9vus cet hiver 2025 ne peuvent pas encore (au 7 f\u00e9vrier) se faire toujours \u00e0 cause de cette m\u00e9t\u00e9o. Les bacs doivent \u00eatre consolid\u00e9s par les b\u00e9n\u00e9voles puis viendra le temps des semis et des plantations pour vous pr\u00e9parer un beau jardin.<\/span><\/figcaption><\/figure>\n<p>Un jardin d&rsquo;herbes aromatiques pour d\u00e9couvrir leurs senteurs et ,pour certaines , leur go\u00fbt. En reconstruction totale suite aux attaques de la pyrale du buis il n&rsquo;est pas encore pr\u00eat..<\/p>\n<p>Le compostage et les g\u00eetes \u00e0 insectes compl\u00e9teront votre visite.<\/p>\n","protected":false},"excerpt":{"rendered":"<p>Diff\u00e9rents types de culture sont pr\u00e9sent\u00e9s :\u00a0 Un jardin d&rsquo;herbes aromatiques pour d\u00e9couvrir leurs senteurs et ,pour certaines , leur go\u00fbt. En reconstruction totale suite aux attaques de la pyrale du buis il n&rsquo;est pas encore pr\u00eat.. Le compostage et les g\u00eetes \u00e0 insectes compl\u00e9teront votre visite.<\/p>\n","protected":false},"author":1,"featured_media":232,"parent":47,"menu_order":5,"comment_status":"closed","ping_status":"closed","template":"","meta":{"_mi_skip_tracking":false},"_links":{"self":[{"href":"https:\/\/moulinamour.com\/index.php?rest_route=\/wp\/v2\/pages\/73"}],"collection":[{"href":"https:\/\/moulinamour.com\/index.php?rest_route=\/wp\/v2\/pages"}],"about":[{"href":"https:\/\/moulinamour.com\/index.php?rest_route=\/wp\/v2\/types\/page"}],"author":[{"embeddable":true,"href":"https:\/\/moulinamour.com\/index.php?rest_route=\/wp\/v2\/users\/1"}],"replies":[{"embeddable":true,"href":"https:\/\/moulinamour.com\/index.php?rest_route=%2Fwp%2Fv2%2Fcomments&post=73"}],"version-history":[{"count":8,"href":"https:\/\/moulinamour.com\/index.php?rest_route=\/wp\/v2\/pages\/73\/revisions"}],"predecessor-version":[{"id":4214,"href":"https:\/\/moulinamour.com\/index.php?rest_route=\/wp\/v2\/pages\/73\/revisions\/4214"}],"up":[{"embeddable":true,"href":"https:\/\/moulinamour.com\/index.php?rest_route=\/wp\/v2\/pages\/47"}],"wp:featuredmedia":[{"embeddable":true,"href":"https:\/\/moulinamour.com\/index.php?rest_route=\/wp\/v2\/media\/232"}],"wp:attachment":[{"href":"https:\/\/moulinamour.com\/index.php?rest_route=%2Fwp%2Fv2%2Fmedia&parent=73"}],"curies":[{"name":"wp","href":"https:\/\/api.w.org\/{rel}","templated":true}]}}