{"id":71,"date":"2016-11-10T15:50:49","date_gmt":"2016-11-10T14:50:49","guid":{"rendered":"http:\/\/moulinamour.com\/?page_id=71"},"modified":"2019-04-27T17:03:45","modified_gmt":"2019-04-27T15:03:45","slug":"sentier-de-decouverte","status":"publish","type":"page","link":"https:\/\/moulinamour.com\/?page_id=71","title":{"rendered":"Le sentier de d\u00e9couverte"},"content":{"rendered":"<p><strong><u><img decoding=\"async\" loading=\"lazy\" class=\"size-medium wp-image-481 alignleft\" src=\"http:\/\/moulinamour.com\/wp-content\/uploads\/2016\/11\/CN0A0199-e1480091291891-200x300.jpg\" alt=\"cn0a0199\" width=\"200\" height=\"300\" srcset=\"https:\/\/moulinamour.com\/wp-content\/uploads\/2016\/11\/CN0A0199-e1480091291891-200x300.jpg 200w, https:\/\/moulinamour.com\/wp-content\/uploads\/2016\/11\/CN0A0199-e1480091291891-768x1152.jpg 768w, https:\/\/moulinamour.com\/wp-content\/uploads\/2016\/11\/CN0A0199-e1480091291891-683x1024.jpg 683w, https:\/\/moulinamour.com\/wp-content\/uploads\/2016\/11\/CN0A0199-e1480091291891-180x270.jpg 180w\" sizes=\"(max-width: 200px) 100vw, 200px\" \/>Sentier de d\u00e9couverte<\/u><\/strong><\/p>\n<p>Situ\u00e9 en fond de vall\u00e9e, en lisi\u00e8re de bois avec un mar\u00e9cage tourbeux et une zone plus s\u00e8che, le sentier de d\u00e9couverte, long d\u2019environ 1 km, permet de d\u00e9couvrir la diversit\u00e9 biologique locale. Le patrimoine environnemental de la vall\u00e9e de l\u2019Oison y a repris ses droits depuis quelques ann\u00e9es, apr\u00e8s l\u2019abattage d\u2019une ancienne peupleraie.<\/p>\n<p>En 1888 le botaniste COQUEREL avait recens\u00e9 l\u00e0 plus de 600 esp\u00e8ces de plantes, dont 24 orchid\u00e9es sauvages, 6 saules diff\u00e9rents. Il est \u00e0 nouveau possible d\u2019observer une faune et une flore typiques des diff\u00e9rents milieux, en tenant compte toutefois des p\u00e9riodes de floraison ou de reproduction variables selon les esp\u00e8ces.<\/p>\n<p>D\u00e9couvrez la rivi\u00e8re, ses m\u00e9andres, son canyon, sa plage et le confluent avec la berge\u00a0 prot\u00e9g\u00e9e pour en \u00e9viter l&rsquo;\u00e9rosion. Une belle le\u00e7on de g\u00e9ologie fluviale.<\/p>\n<p><span style=\"border-radius: 2px; text-indent: 20px; width: auto; padding: 0px 4px 0px 0px; text-align: center; font: bold 11px\/20px 'Helvetica Neue',Helvetica,sans-serif; color: #ffffff; background: #bd081c no-repeat scroll 3px 50% \/ 14px 14px; position: absolute; opacity: 1; z-index: 8675309; display: none; cursor: pointer;\">Enregistrer<\/span><\/p>\n","protected":false},"excerpt":{"rendered":"<p>Sentier de d\u00e9couverte Situ\u00e9 en fond de vall\u00e9e, en lisi\u00e8re de bois avec un mar\u00e9cage tourbeux et une zone plus s\u00e8che, le sentier de d\u00e9couverte, long d\u2019environ 1 km, permet de d\u00e9couvrir la diversit\u00e9 biologique locale. Le patrimoine environnemental de la vall\u00e9e de l\u2019Oison y a repris ses droits depuis quelques ann\u00e9es, apr\u00e8s l\u2019abattage d\u2019une ancienne peupleraie. En 1888 le botaniste COQUEREL avait recens\u00e9 l\u00e0 plus de 600 esp\u00e8ces de plantes, dont 24 orchid\u00e9es sauvages, 6 saules diff\u00e9rents. Il est&#8230;<\/p>\n<p class=\"read-more\"><a class=\"btn btn-default\" href=\"https:\/\/moulinamour.com\/?page_id=71\">Lire la suite<span class=\"screen-reader-text\"> Lire la suite<\/span><\/a><\/p>\n","protected":false},"author":1,"featured_media":287,"parent":47,"menu_order":4,"comment_status":"closed","ping_status":"closed","template":"","meta":{"_mi_skip_tracking":false},"_links":{"self":[{"href":"https:\/\/moulinamour.com\/index.php?rest_route=\/wp\/v2\/pages\/71"}],"collection":[{"href":"https:\/\/moulinamour.com\/index.php?rest_route=\/wp\/v2\/pages"}],"about":[{"href":"https:\/\/moulinamour.com\/index.php?rest_route=\/wp\/v2\/types\/page"}],"author":[{"embeddable":true,"href":"https:\/\/moulinamour.com\/index.php?rest_route=\/wp\/v2\/users\/1"}],"replies":[{"embeddable":true,"href":"https:\/\/moulinamour.com\/index.php?rest_route=%2Fwp%2Fv2%2Fcomments&post=71"}],"version-history":[{"count":5,"href":"https:\/\/moulinamour.com\/index.php?rest_route=\/wp\/v2\/pages\/71\/revisions"}],"predecessor-version":[{"id":2019,"href":"https:\/\/moulinamour.com\/index.php?rest_route=\/wp\/v2\/pages\/71\/revisions\/2019"}],"up":[{"embeddable":true,"href":"https:\/\/moulinamour.com\/index.php?rest_route=\/wp\/v2\/pages\/47"}],"wp:featuredmedia":[{"embeddable":true,"href":"https:\/\/moulinamour.com\/index.php?rest_route=\/wp\/v2\/media\/287"}],"wp:attachment":[{"href":"https:\/\/moulinamour.com\/index.php?rest_route=%2Fwp%2Fv2%2Fmedia&parent=71"}],"curies":[{"name":"wp","href":"https:\/\/api.w.org\/{rel}","templated":true}]}}