{"id":68,"date":"2023-03-13T18:00:00","date_gmt":"2023-03-13T17:00:00","guid":{"rendered":"http:\/\/moulinamour.com\/?page_id=68"},"modified":"2025-05-02T18:42:53","modified_gmt":"2025-05-02T16:42:53","slug":"lactivite-meuniere","status":"publish","type":"page","link":"https:\/\/moulinamour.com\/?page_id=68","title":{"rendered":"L&rsquo;activit\u00e9 meuni\u00e8re"},"content":{"rendered":"\n<p>        <\/p>\n\n\n<h3>Activit\u00e9 meuni\u00e8re\u00a0 \u00a0 \u00a0 \u00a0 \u00a0 \u00a0 \u00a0 The <span id=\"tgtAlignment_1\" class=\"ts-alignment-element\" style=\"color: initial; font-size: 18px;\" data-is-focusable=\"true\">Milling<\/span><span style=\"color: initial; font-size: 18px;\"> Activity<\/span>\u00a0 \u00a0\u00a0<a href=\"https:\/\/moulinamour.com\/wp-content\/uploads\/2023\/03\/la-farine-en-anglais.pdf\" target=\"_blank\" rel=\"noopener\">ENGLISH<\/a><\/h3>\n<p><a href=\"http:\/\/moulinamour.com\/wp-content\/uploads\/2018\/10\/la-meunerie-11Mo.mp4\" target=\"_blank\" rel=\"noopener\"><strong><u>D\u00e9couvrez un moulin en fonctionnement\u00a0 (film de 1&rsquo;30)<\/u><\/strong><\/a><\/p>\n<p>L&rsquo;actuel Moulin Amour, construit au d\u00e9but de XIX\u00e8me si\u00e8cle, abandonn\u00e9 en 1914, puis restaur\u00e9 et remis en route en 1993, perp\u00e9tue la tradition de la mouture du bl\u00e9 \u00e0 la meule de pierre. Cinq ann\u00e9es de restauration ont \u00e9t\u00e9 n\u00e9cessaires pour que l\u2019\u00e9tablissement retrouve son \u00e9tat d\u2019origine.<\/p>\n<p>Aujourd\u2019hui, le Moulin Amour produit, uniquement \u00e0 des fins p\u00e9dagogiques, de la farine de bl\u00e9 \u00e0 partir de grains issus de l\u2019agriculture biologique (coop\u00e9rative BIOCER). Et m\u00eame si le processus de fabrication a \u00e9t\u00e9 largement simplifi\u00e9, \u00a0les diff\u00e9rentes machines n\u00e9cessaires \u00e0 la confection de la farine \u00a0sont activ\u00e9es lors de chaque journ\u00e9e d\u2019ouverture du site.<\/p>\n<p>La farine obtenue est de type 110-130, il s&rsquo;agit d&rsquo;une farine compl\u00e8te excellente pour faire des cr\u00eapes que vous pourrez d\u00e9guster \u00e0 la buvette. En la m\u00e9langeant avec une farine de type 55 vous pourrez faire votre pain. Elle est disponible au rez de chauss\u00e9e du moulin contre un don au profit de l&rsquo;AVPN pour les animations.<\/p>","protected":false},"excerpt":{"rendered":"<p>Activit\u00e9 meuni\u00e8re\u00a0 \u00a0 \u00a0 \u00a0 \u00a0 \u00a0 \u00a0 The Milling Activity\u00a0 \u00a0\u00a0ENGLISH D\u00e9couvrez un moulin en fonctionnement\u00a0 (film de 1&rsquo;30) L&rsquo;actuel Moulin Amour, construit au d\u00e9but de XIX\u00e8me si\u00e8cle, abandonn\u00e9 en 1914, puis restaur\u00e9 et remis en route en 1993, perp\u00e9tue la tradition de la mouture du bl\u00e9 \u00e0 la meule de pierre. Cinq ann\u00e9es de restauration ont \u00e9t\u00e9 n\u00e9cessaires pour que l\u2019\u00e9tablissement retrouve son \u00e9tat d\u2019origine. Aujourd\u2019hui, le Moulin Amour produit, uniquement \u00e0 des fins p\u00e9dagogiques, de la farine&#8230;<\/p>\n<p class=\"read-more\"><a class=\"btn btn-default\" href=\"https:\/\/moulinamour.com\/?page_id=68\">Lire la suite<span class=\"screen-reader-text\"> Lire la suite<\/span><\/a><\/p>\n","protected":false},"author":1,"featured_media":361,"parent":47,"menu_order":3,"comment_status":"closed","ping_status":"closed","template":"","meta":{"_mi_skip_tracking":false},"_links":{"self":[{"href":"https:\/\/moulinamour.com\/index.php?rest_route=\/wp\/v2\/pages\/68"}],"collection":[{"href":"https:\/\/moulinamour.com\/index.php?rest_route=\/wp\/v2\/pages"}],"about":[{"href":"https:\/\/moulinamour.com\/index.php?rest_route=\/wp\/v2\/types\/page"}],"author":[{"embeddable":true,"href":"https:\/\/moulinamour.com\/index.php?rest_route=\/wp\/v2\/users\/1"}],"replies":[{"embeddable":true,"href":"https:\/\/moulinamour.com\/index.php?rest_route=%2Fwp%2Fv2%2Fcomments&post=68"}],"version-history":[{"count":18,"href":"https:\/\/moulinamour.com\/index.php?rest_route=\/wp\/v2\/pages\/68\/revisions"}],"predecessor-version":[{"id":4392,"href":"https:\/\/moulinamour.com\/index.php?rest_route=\/wp\/v2\/pages\/68\/revisions\/4392"}],"up":[{"embeddable":true,"href":"https:\/\/moulinamour.com\/index.php?rest_route=\/wp\/v2\/pages\/47"}],"wp:featuredmedia":[{"embeddable":true,"href":"https:\/\/moulinamour.com\/index.php?rest_route=\/wp\/v2\/media\/361"}],"wp:attachment":[{"href":"https:\/\/moulinamour.com\/index.php?rest_route=%2Fwp%2Fv2%2Fmedia&parent=68"}],"curies":[{"name":"wp","href":"https:\/\/api.w.org\/{rel}","templated":true}]}}