{"id":47,"date":"2018-07-12T22:15:53","date_gmt":"2018-07-12T20:15:53","guid":{"rendered":"http:\/\/moulinamour.com\/?page_id=47"},"modified":"2025-05-02T18:27:12","modified_gmt":"2025-05-02T16:27:12","slug":"le-moulin-amour","status":"publish","type":"page","link":"https:\/\/moulinamour.com\/?page_id=47","title":{"rendered":"Le moulin Amour"},"content":{"rendered":"<p><a href=\"http:\/\/moulinamour.com\/wp-content\/uploads\/2018\/07\/plan-site-moulin-Amour.pdf\" target=\"_blank\" rel=\"noopener noreferrer\"><img decoding=\"async\" loading=\"lazy\" class=\"alignleft wp-image-1542\" src=\"http:\/\/moulinamour.com\/wp-content\/uploads\/2018\/01\/plan-site-moulin-Amour-150x75.png\" alt=\"\" width=\"888\" height=\"444\" srcset=\"https:\/\/moulinamour.com\/wp-content\/uploads\/2018\/01\/plan-site-moulin-Amour-150x75.png 150w, https:\/\/moulinamour.com\/wp-content\/uploads\/2018\/01\/plan-site-moulin-Amour-300x151.png 300w, https:\/\/moulinamour.com\/wp-content\/uploads\/2018\/01\/plan-site-moulin-Amour-537x270.png 537w\" sizes=\"(max-width: 888px) 100vw, 888px\" \/><\/a><\/p>\n<p><a href=\"http:\/\/moulinamour.com\/?page_id=62\">La vall\u00e9e de l&rsquo;Oison<\/a><\/p>\n<p><a href=\"http:\/\/moulinamour.com\/?page_id=65\">Le moulin \u00e0 eau<\/a><\/p>\n<p><a href=\"http:\/\/moulinamour.com\/?page_id=68\">L&rsquo;activit\u00e9 meuni\u00e8re<\/a><\/p>\n<p><a href=\"http:\/\/moulinamour.com\/?page_id=71\">Le sentier d\u00e9couverte<\/a><\/p>\n<p><a href=\"http:\/\/moulinamour.com\/?page_id=73\">Le potager conservatoire<\/a><\/p>\n","protected":false},"excerpt":{"rendered":"<p>La vall\u00e9e de l&rsquo;Oison Le moulin \u00e0 eau L&rsquo;activit\u00e9 meuni\u00e8re Le sentier d\u00e9couverte Le potager conservatoire<\/p>\n","protected":false},"author":1,"featured_media":667,"parent":0,"menu_order":0,"comment_status":"closed","ping_status":"closed","template":"","meta":{"_mi_skip_tracking":false},"_links":{"self":[{"href":"https:\/\/moulinamour.com\/index.php?rest_route=\/wp\/v2\/pages\/47"}],"collection":[{"href":"https:\/\/moulinamour.com\/index.php?rest_route=\/wp\/v2\/pages"}],"about":[{"href":"https:\/\/moulinamour.com\/index.php?rest_route=\/wp\/v2\/types\/page"}],"author":[{"embeddable":true,"href":"https:\/\/moulinamour.com\/index.php?rest_route=\/wp\/v2\/users\/1"}],"replies":[{"embeddable":true,"href":"https:\/\/moulinamour.com\/index.php?rest_route=%2Fwp%2Fv2%2Fcomments&post=47"}],"version-history":[{"count":7,"href":"https:\/\/moulinamour.com\/index.php?rest_route=\/wp\/v2\/pages\/47\/revisions"}],"predecessor-version":[{"id":2363,"href":"https:\/\/moulinamour.com\/index.php?rest_route=\/wp\/v2\/pages\/47\/revisions\/2363"}],"wp:featuredmedia":[{"embeddable":true,"href":"https:\/\/moulinamour.com\/index.php?rest_route=\/wp\/v2\/media\/667"}],"wp:attachment":[{"href":"https:\/\/moulinamour.com\/index.php?rest_route=%2Fwp%2Fv2%2Fmedia&parent=47"}],"curies":[{"name":"wp","href":"https:\/\/api.w.org\/{rel}","templated":true}]}}