{"id":103,"date":"2025-01-06T15:00:00","date_gmt":"2025-01-06T14:00:00","guid":{"rendered":"http:\/\/moulinamour.com\/?page_id=103"},"modified":"2026-04-12T19:20:28","modified_gmt":"2026-04-12T17:20:28","slug":"adherer-a-lavpn","status":"publish","type":"page","link":"https:\/\/moulinamour.com\/?page_id=103","title":{"rendered":"Adh\u00e9rer \u00e0 l&rsquo;AVPN"},"content":{"rendered":"<p><strong>Adh\u00e9sion (voir conditions\u00a0 sur le bulletin d&rsquo;adh\u00e9sion):pas d&rsquo;augmentation des tarifs en 2026<\/strong><\/p>\n<p style=\"text-align: center;\"><strong>carte famille (18\u20ac\/an), carte individuelle (12\u20ac\/an), associations ou autres (30\u20ac\/an)<\/strong><\/p>\n<p>En adh\u00e9rant \u00e0 l&rsquo;AVPN-Moulin Amour vous apportez votre \u00a0soutien aux salari\u00e9s et aux b\u00e9n\u00e9voles qui \u0153uvrent pour faire vivre le\u00a0site du moulin.<\/p>\n<p><strong>Votre cotisation est aussi un soutien financier tr\u00e8s important surtout en cette p\u00e9riode o\u00f9 des subventions sont incertaines. C&rsquo;est aussi un soutien moral au moment o\u00f9 l&rsquo;ind\u00e9pendance de l&rsquo;association est en discussion avec le service tourisme de la Communaut\u00e9 de Communes Roumois-Seine.<\/strong><\/p>\n<p>Le Moulin Amour, depuis plus de 30 ans, propose chaque saison un panel de manifestations diverses et vari\u00e9<\/p>\n<p>La carte permet de b\u00e9n\u00e9ficier \u00e9galement d\u2019une remise de 20% sur nos prestations (mise \u00e0 disposition du site pour vos c\u00e9r\u00e9monies, ou lors de \u00a0la location de nos expositions itin\u00e9rantes).<\/p>\n<p>Vous pouvez aussi selon vos disponibilit\u00e9s rejoindre l&rsquo;\u00e9quipe des b\u00e9n\u00e9voles qui continuent \u00e0 am\u00e9liorer le site, en g\u00e9n\u00e9ral le mardi , et \u00e0 organiser les animations certains dimanches. Toutes les bonnes volont\u00e9s sont les bienvenues.<\/p>\n<h3 style=\"text-align: center;\">Pour\u00a0 plus de renseignements :<\/h3>\n<h3 style=\"text-align: center;\"><strong>contact@moulinamour.com ou 02 32 36 95 63<\/strong><\/h3>\n<h1 style=\"text-align: center;\">Votre bulletin d&rsquo;adh\u00e9sion<\/h1>\n<h2 style=\"text-align: center;\"><span style=\"color: #ff0000;\"><a href=\"https:\/\/moulinamour.com\/wp-content\/uploads\/2026\/02\/Bulletin-et-lettre-adhesion-2026.pdf\" target=\"_blank\" rel=\"noopener\">fichier PDF\u00a0 202<\/a>6<\/span><\/h2>\n<p>\u00a0<\/p>\n\n\n<p><\/p>\n","protected":false},"excerpt":{"rendered":"<p>Adh\u00e9sion (voir conditions\u00a0 sur le bulletin d&rsquo;adh\u00e9sion):pas d&rsquo;augmentation des tarifs en 2026 carte famille (18\u20ac\/an), carte individuelle (12\u20ac\/an), associations ou autres (30\u20ac\/an) En adh\u00e9rant \u00e0 l&rsquo;AVPN-Moulin Amour vous apportez votre \u00a0soutien aux salari\u00e9s et aux b\u00e9n\u00e9voles qui \u0153uvrent pour faire vivre le\u00a0site du moulin. Votre cotisation est aussi un soutien financier tr\u00e8s important surtout en cette p\u00e9riode o\u00f9 des subventions sont incertaines. C&rsquo;est aussi un soutien moral au moment o\u00f9 l&rsquo;ind\u00e9pendance de l&rsquo;association est en discussion avec le service tourisme&#8230;<\/p>\n<p class=\"read-more\"><a class=\"btn btn-default\" href=\"https:\/\/moulinamour.com\/?page_id=103\">Lire la suite<span class=\"screen-reader-text\"> Lire la suite<\/span><\/a><\/p>\n","protected":false},"author":1,"featured_media":0,"parent":56,"menu_order":2,"comment_status":"closed","ping_status":"closed","template":"","meta":{"_mi_skip_tracking":false},"_links":{"self":[{"href":"https:\/\/moulinamour.com\/index.php?rest_route=\/wp\/v2\/pages\/103"}],"collection":[{"href":"https:\/\/moulinamour.com\/index.php?rest_route=\/wp\/v2\/pages"}],"about":[{"href":"https:\/\/moulinamour.com\/index.php?rest_route=\/wp\/v2\/types\/page"}],"author":[{"embeddable":true,"href":"https:\/\/moulinamour.com\/index.php?rest_route=\/wp\/v2\/users\/1"}],"replies":[{"embeddable":true,"href":"https:\/\/moulinamour.com\/index.php?rest_route=%2Fwp%2Fv2%2Fcomments&post=103"}],"version-history":[{"count":43,"href":"https:\/\/moulinamour.com\/index.php?rest_route=\/wp\/v2\/pages\/103\/revisions"}],"predecessor-version":[{"id":4609,"href":"https:\/\/moulinamour.com\/index.php?rest_route=\/wp\/v2\/pages\/103\/revisions\/4609"}],"up":[{"embeddable":true,"href":"https:\/\/moulinamour.com\/index.php?rest_route=\/wp\/v2\/pages\/56"}],"wp:attachment":[{"href":"https:\/\/moulinamour.com\/index.php?rest_route=%2Fwp%2Fv2%2Fmedia&parent=103"}],"curies":[{"name":"wp","href":"https:\/\/api.w.org\/{rel}","templated":true}]}}